{"id":1110,"date":"2017-09-08T14:24:57","date_gmt":"2017-09-08T14:24:57","guid":{"rendered":"http:\/\/globaldas.gei.de\/?page_id=1110"},"modified":"2018-02-26T13:39:11","modified_gmt":"2018-02-26T13:39:11","slug":"silicon-valley-2","status":"publish","type":"page","link":"https:\/\/globaldas.gei.de\/?page_id=1110&lang=de","title":{"rendered":"German International School of Silicon Valley"},"content":{"rendered":"<div class=\"content noI18n colorQuoted\">\n<div id=\"ox-4ccf8988b2\">\n<p><a href=\"https:\/\/globaldas.gei.de\/wp-content\/uploads\/2018\/02\/GISSV-facebook-cover-pic.jpg\"><img loading=\"lazy\" decoding=\"async\" class=\"size-medium wp-image-1677 alignleft\" src=\"https:\/\/globaldas.gei.de\/wp-content\/uploads\/2018\/02\/GISSV-facebook-cover-pic-300x108.jpg\" alt=\"\" width=\"300\" height=\"108\" srcset=\"https:\/\/globaldas.gei.de\/wp-content\/uploads\/2018\/02\/GISSV-facebook-cover-pic-300x108.jpg 300w, https:\/\/globaldas.gei.de\/wp-content\/uploads\/2018\/02\/GISSV-facebook-cover-pic-768x276.jpg 768w, https:\/\/globaldas.gei.de\/wp-content\/uploads\/2018\/02\/GISSV-facebook-cover-pic-1024x368.jpg 1024w\" sizes=\"auto, (max-width: 300px) 100vw, 300px\" \/><\/a> website: <a href=\"https:\/\/www.gissv.org\/gissv-startseite-german\">https:\/\/www.gissv.org\/gissv-startseite-german<\/a><\/p>\n<p>Die <strong>German International School of Silicon Valley<\/strong> (GISSV) unterrichtet Sch\u00fclerInnen aller Jahrg\u00e4nge &#8211; vom Vorschulalter bis hin zur zw\u00f6lften Klasse. Der Unterricht wird an allen drei Standorten Mountain View, Emeryville und San Francisco (Kalifornien) f\u00e4cher\u00fcbergreifend bilingual vermittelt, wodurch den Sch\u00fclerInnen erm\u00f6glicht wird sowohl mit dem Deutschen Internationalen Abitur sowie mit dem \u201aCalifornia High School Diploma\u2019 abzuschlie\u00dfen.<\/p>\n<p>Bei ihrer Gr\u00fcndung im Jahre 1999 hie\u00df die Schule German School of Silicon Valley (GSSV), \u00e4nderte ihren Namen 2003 jedoch offiziell auf German International School of Silicon Valley (GISSV), um auf diese Weise ihre Multikulturalit\u00e4t sowie die multiethnische Sch\u00fclerschaft widerzuspiegeln.<\/p>\n<p>Derzeit z\u00e4hlt die GISSV mit mehr als 600 Sch\u00fclerInnen an ihren drei Standorten. Die zuhause gesprochenen Erstsprachen der Sch\u00fclerInnen umfassen englisch, deutsch, spanisch, italienisch, arabisch, koreanisch und chinesisch. Die Schule selbst schm\u00fcckt sich mit ihrer internationalen Einstellung und der Aufgabe, \u201aglobal citizens\u2019 auszubilden.<\/p>\n<h3>Forschungszeitraum<\/h3>\n<p>31 Oktober &#8211; 20 November 2017<\/p>\n<h3>Fotos<\/h3>\n\n\t\t<style type=\"text\/css\">\n\t\t\t#gallery-1 {\n\t\t\t\tmargin: auto;\n\t\t\t}\n\t\t\t#gallery-1 .gallery-item {\n\t\t\t\tfloat: left;\n\t\t\t\tmargin-top: 10px;\n\t\t\t\ttext-align: center;\n\t\t\t\twidth: 50%;\n\t\t\t}\n\t\t\t#gallery-1 img {\n\t\t\t\tborder: 2px solid #cfcfcf;\n\t\t\t}\n\t\t\t#gallery-1 .gallery-caption {\n\t\t\t\tmargin-left: 0;\n\t\t\t}\n\t\t\t\/* see gallery_shortcode() in wp-includes\/media.php *\/\n\t\t<\/style>\n\t\t<div id='gallery-1' class='gallery galleryid-1110 gallery-columns-2 gallery-size-thumbnail'><dl class='gallery-item'>\n\t\t\t<dt class='gallery-icon landscape'>\n\t\t\t\t<a href='https:\/\/globaldas.gei.de\/?attachment_id=1265'><img loading=\"lazy\" decoding=\"async\" width=\"150\" height=\"150\" src=\"https:\/\/globaldas.gei.de\/wp-content\/uploads\/2017\/11\/IMG_9193-150x150.jpg\" class=\"attachment-thumbnail size-thumbnail\" alt=\"\" \/><\/a>\n\t\t\t<\/dt><\/dl><dl class='gallery-item'>\n\t\t\t<dt class='gallery-icon landscape'>\n\t\t\t\t<a href='https:\/\/globaldas.gei.de\/?attachment_id=1272'><img loading=\"lazy\" decoding=\"async\" width=\"150\" height=\"150\" src=\"https:\/\/globaldas.gei.de\/wp-content\/uploads\/2017\/11\/IMG_9200-150x150.jpg\" class=\"attachment-thumbnail size-thumbnail\" alt=\"\" \/><\/a>\n\t\t\t<\/dt><\/dl><br style=\"clear: both\" \/><dl class='gallery-item'>\n\t\t\t<dt class='gallery-icon landscape'>\n\t\t\t\t<a href='https:\/\/globaldas.gei.de\/?attachment_id=1330'><img loading=\"lazy\" decoding=\"async\" width=\"150\" height=\"150\" src=\"https:\/\/globaldas.gei.de\/wp-content\/uploads\/2017\/09\/IMG_9222-150x150.jpg\" class=\"attachment-thumbnail size-thumbnail\" alt=\"\" \/><\/a>\n\t\t\t<\/dt><\/dl><dl class='gallery-item'>\n\t\t\t<dt class='gallery-icon landscape'>\n\t\t\t\t<a href='https:\/\/globaldas.gei.de\/?attachment_id=1280'><img loading=\"lazy\" decoding=\"async\" width=\"150\" height=\"150\" src=\"https:\/\/globaldas.gei.de\/wp-content\/uploads\/2017\/11\/IMG_9225-150x150.jpg\" class=\"attachment-thumbnail size-thumbnail\" alt=\"\" \/><\/a>\n\t\t\t<\/dt><\/dl><br style=\"clear: both\" \/>\n\t\t<\/div>\n\n<\/div>\n<\/div>\n","protected":false},"excerpt":{"rendered":"<p>website: https:\/\/www.gissv.org\/gissv-startseite-german Die German International School of Silicon Valley (GISSV) unterrichtet Sch\u00fclerInnen aller Jahrg\u00e4nge &#8211; vom Vorschulalter bis hin zur zw\u00f6lften Klasse. Der Unterricht wird an allen drei Standorten Mountain View, Emeryville und San Francisco (Kalifornien) f\u00e4cher\u00fcbergreifend bilingual vermittelt, wodurch den Sch\u00fclerInnen erm\u00f6glicht wird sowohl mit dem Deutschen Internationalen Abitur sowie mit dem \u201aCalifornia High [&hellip;]<\/p>\n","protected":false},"author":2,"featured_media":0,"parent":0,"menu_order":0,"comment_status":"closed","ping_status":"closed","template":"","meta":{"footnotes":""},"class_list":["post-1110","page","type-page","status-publish","hentry"],"_links":{"self":[{"href":"https:\/\/globaldas.gei.de\/index.php?rest_route=\/wp\/v2\/pages\/1110","targetHints":{"allow":["GET"]}}],"collection":[{"href":"https:\/\/globaldas.gei.de\/index.php?rest_route=\/wp\/v2\/pages"}],"about":[{"href":"https:\/\/globaldas.gei.de\/index.php?rest_route=\/wp\/v2\/types\/page"}],"author":[{"embeddable":true,"href":"https:\/\/globaldas.gei.de\/index.php?rest_route=\/wp\/v2\/users\/2"}],"replies":[{"embeddable":true,"href":"https:\/\/globaldas.gei.de\/index.php?rest_route=%2Fwp%2Fv2%2Fcomments&post=1110"}],"version-history":[{"count":5,"href":"https:\/\/globaldas.gei.de\/index.php?rest_route=\/wp\/v2\/pages\/1110\/revisions"}],"predecessor-version":[{"id":1678,"href":"https:\/\/globaldas.gei.de\/index.php?rest_route=\/wp\/v2\/pages\/1110\/revisions\/1678"}],"wp:attachment":[{"href":"https:\/\/globaldas.gei.de\/index.php?rest_route=%2Fwp%2Fv2%2Fmedia&parent=1110"}],"curies":[{"name":"wp","href":"https:\/\/api.w.org\/{rel}","templated":true}]}}