{"id":1784,"date":"2019-08-15T08:23:46","date_gmt":"2019-08-15T08:23:46","guid":{"rendered":"http:\/\/globaldas.gei.de\/?page_id=1784"},"modified":"2019-11-29T12:57:26","modified_gmt":"2019-11-29T12:57:26","slug":"publications","status":"publish","type":"page","link":"https:\/\/globaldas.gei.de\/?page_id=1784","title":{"rendered":"Publications"},"content":{"rendered":"\n\n\n<ul class=\"wp-block-list\"><li>Bock, A. &amp; Macgilchrist, F. (2019): &#8220;Mobile media practices of young people in \u00absafely digital\u00bb, \u00abenthusiastically digital\u00bb, and \u00abpostdigital\u00bb schools&#8221;. In: <em>MedienP\u00e4dagogik<\/em>, 35, pp. 136-156. <a href=\"https:\/\/www.medienpaed.com\/article\/view\/723\">https:\/\/www.medienpaed.com\/article\/view\/723<\/a><\/li><li> Ke\u00dfler,  C. (2020): &#8220;ich will dann meine Zukunft irgendwie so kreieren&#8221;.   (Narrative) Arbeit am eigenen Selbst von Sch\u00fclerinnen und Sch\u00fclern in   transnationalen Bildungsr\u00e4umen. In: Deppe, U. (Hg.): <em>Die Arbeit am  Selbst. Theorie und Empirie zu Bildungsaufstiegen und exklusiven  Karrieren<\/em>. Wiesbaden: Springer VS, pp. 187-207.  <\/li><li>Szak\u00e1cs-Behling, S., A. Bock, C. I. Ke\u00dfler, F. Macgilchrist, &amp; R.  Spielhaus. (in press 2020): &#8220;Global Citizenship in motion: Comparing  Cross-Border Practices in German Schools Abroad&#8221; In: Klerides E. &amp;  S. Carney (Eds.) <em>Identities and education: Comparative perspectives in times of crisis<\/em>. London: Bloomsbury.  <\/li><li>Ke\u00dfler, C.I. &amp;<strong> <\/strong>Szak\u00e1cs-Behling, S. (forthcoming 2020): \u201cResearching the Transnational via Transnationalizing the Research: Towards a Methodological Turn\u201d In: Machold, C, A. Messerschmidt &amp; S. Hornberg (Eds.) <em>Jenseits des Nationalen? Erziehungswissenschaftliche Perspektiven<\/em>. Barbara Budrich Verlag.<\/li><\/ul>\n","protected":false},"excerpt":{"rendered":"<p>Bock, A. &amp; Macgilchrist, F. (2019): &#8220;Mobile media practices of young people in \u00absafely digital\u00bb, \u00abenthusiastically digital\u00bb, and \u00abpostdigital\u00bb schools&#8221;. In: MedienP\u00e4dagogik, 35, pp. 136-156. https:\/\/www.medienpaed.com\/article\/view\/723 Ke\u00dfler, C. (2020): &#8220;ich will dann meine Zukunft irgendwie so kreieren&#8221;. (Narrative) Arbeit am eigenen Selbst von Sch\u00fclerinnen und Sch\u00fclern in transnationalen Bildungsr\u00e4umen. In: Deppe, U. (Hg.): Die Arbeit [&hellip;]<\/p>\n","protected":false},"author":2,"featured_media":0,"parent":0,"menu_order":0,"comment_status":"closed","ping_status":"closed","template":"","meta":{"footnotes":""},"class_list":["post-1784","page","type-page","status-publish","hentry"],"_links":{"self":[{"href":"https:\/\/globaldas.gei.de\/index.php?rest_route=\/wp\/v2\/pages\/1784","targetHints":{"allow":["GET"]}}],"collection":[{"href":"https:\/\/globaldas.gei.de\/index.php?rest_route=\/wp\/v2\/pages"}],"about":[{"href":"https:\/\/globaldas.gei.de\/index.php?rest_route=\/wp\/v2\/types\/page"}],"author":[{"embeddable":true,"href":"https:\/\/globaldas.gei.de\/index.php?rest_route=\/wp\/v2\/users\/2"}],"replies":[{"embeddable":true,"href":"https:\/\/globaldas.gei.de\/index.php?rest_route=%2Fwp%2Fv2%2Fcomments&post=1784"}],"version-history":[{"count":8,"href":"https:\/\/globaldas.gei.de\/index.php?rest_route=\/wp\/v2\/pages\/1784\/revisions"}],"predecessor-version":[{"id":1809,"href":"https:\/\/globaldas.gei.de\/index.php?rest_route=\/wp\/v2\/pages\/1784\/revisions\/1809"}],"wp:attachment":[{"href":"https:\/\/globaldas.gei.de\/index.php?rest_route=%2Fwp%2Fv2%2Fmedia&parent=1784"}],"curies":[{"name":"wp","href":"https:\/\/api.w.org\/{rel}","templated":true}]}}